{"id":93,"date":"2022-11-04T17:33:28","date_gmt":"2022-11-04T16:33:28","guid":{"rendered":"https:\/\/c-culture.com\/fr\/?page_id=93"},"modified":"2022-11-04T17:33:28","modified_gmt":"2022-11-04T16:33:28","slug":"communication-culture","status":"publish","type":"page","link":"https:\/\/c-culture.com\/fr\/","title":{"rendered":"Communication &#038; Culture"},"content":{"rendered":"\n<figure class=\"wp-block-image size-full\"><img loading=\"lazy\" decoding=\"async\" width=\"600\" height=\"200\" src=\"https:\/\/c-culture.com\/fr\/wp-content\/uploads\/sites\/7\/2022\/10\/dw-1.jpg\" alt=\"\" class=\"wp-image-27\" srcset=\"https:\/\/c-culture.com\/fr\/wp-content\/uploads\/sites\/7\/2022\/10\/dw-1.jpg 600w, https:\/\/c-culture.com\/fr\/wp-content\/uploads\/sites\/7\/2022\/10\/dw-1-300x100.jpg 300w\" sizes=\"auto, (max-width: 600px) 100vw, 600px\" \/><figcaption>Le plus important dans la communication, c&rsquo;est d&rsquo;\u00e9couter et d&rsquo;observer.<\/figcaption><\/figure>\n\n\n\n<p><strong>Quoi?<\/strong><br>\u201ecommunication &amp; culture\u00a0\u00bb cr\u00e9e des projets culturels, des concepts de formation et des cours de communication de A \u00e0 Z, en commen\u00e7ant par les id\u00e9es, la gestion des projets jusqu&rsquo;\u00e0 la r\u00e9alisation sur sc\u00e8ne ou dans des s\u00e9minaires.<\/p>\n\n\n\n<p><strong>Comment?<\/strong><br>La combinaison de la culture et la communication est essentielle dans notre travail, ou la cr\u00e9ativit\u00e9 se r\u00e9unie avec une approche professionnelle, la qualit\u00e9 de haute gamme est bas\u00e9e sur un savoir faire culturel intelligent et les rencontres suivent toujours des valeurs \u00e9thiques d&rsquo;int\u00e9grit\u00e9 personnelle.<\/p>\n\n\n\n<p><strong>Qui?<\/strong><br>Etant fondeur et pr\u00e9sident de \u201ecommunication &amp; culture\u00a0\u00bb, Dan Wiener s&rsquo;est forg\u00e9, hormis ses activit\u00e9s de com\u00e9dien, de musicien et de producteur, une r\u00e9putation en tant que sp\u00e9cialiste de la communication. Comme cela est d\u2019usage dans le th\u00e9\u00e2tre, nous centrons notre travail sur la pratique, nous aimons faire des essais, et nous accueillons volontiers les id\u00e9es et instructions sc\u00e9niques de nos partenaires et client(e)s.<\/p>\n","protected":false},"excerpt":{"rendered":"<p>Quoi?\u201ecommunication &amp; culture\u00a0\u00bb cr\u00e9e des projets culturels, des concepts de formation et des cours de communication de A \u00e0 Z, en commen\u00e7ant par les id\u00e9es, la gestion des projets jusqu&rsquo;\u00e0 la r\u00e9alisation sur sc\u00e8ne ou dans des s\u00e9minaires. Comment?La combinaison de la culture et la communication est essentielle dans notre travail, ou la cr\u00e9ativit\u00e9 se [&hellip;]<\/p>\n","protected":false},"author":3,"featured_media":0,"parent":0,"menu_order":0,"comment_status":"closed","ping_status":"closed","template":"","meta":{"footnotes":""},"class_list":["post-93","page","type-page","status-publish","hentry"],"_links":{"self":[{"href":"https:\/\/c-culture.com\/fr\/wp-json\/wp\/v2\/pages\/93","targetHints":{"allow":["GET"]}}],"collection":[{"href":"https:\/\/c-culture.com\/fr\/wp-json\/wp\/v2\/pages"}],"about":[{"href":"https:\/\/c-culture.com\/fr\/wp-json\/wp\/v2\/types\/page"}],"author":[{"embeddable":true,"href":"https:\/\/c-culture.com\/fr\/wp-json\/wp\/v2\/users\/3"}],"replies":[{"embeddable":true,"href":"https:\/\/c-culture.com\/fr\/wp-json\/wp\/v2\/comments?post=93"}],"version-history":[{"count":1,"href":"https:\/\/c-culture.com\/fr\/wp-json\/wp\/v2\/pages\/93\/revisions"}],"predecessor-version":[{"id":94,"href":"https:\/\/c-culture.com\/fr\/wp-json\/wp\/v2\/pages\/93\/revisions\/94"}],"wp:attachment":[{"href":"https:\/\/c-culture.com\/fr\/wp-json\/wp\/v2\/media?parent=93"}],"curies":[{"name":"wp","href":"https:\/\/api.w.org\/{rel}","templated":true}]}}