{"id":8,"date":"2022-10-13T12:28:52","date_gmt":"2022-10-13T10:28:52","guid":{"rendered":"https:\/\/c-culture.com\/fr\/?page_id=8"},"modified":"2022-11-30T20:59:16","modified_gmt":"2022-11-30T19:59:16","slug":"communication","status":"publish","type":"page","link":"https:\/\/c-culture.com\/fr\/communication\/","title":{"rendered":"Communication"},"content":{"rendered":"\n<figure class=\"wp-block-image size-full\"><img loading=\"lazy\" decoding=\"async\" width=\"600\" height=\"207\" src=\"https:\/\/c-culture.com\/fr\/wp-content\/uploads\/sites\/7\/2022\/10\/dw-2.jpg\" alt=\"\" class=\"wp-image-42\" srcset=\"https:\/\/c-culture.com\/fr\/wp-content\/uploads\/sites\/7\/2022\/10\/dw-2.jpg 600w, https:\/\/c-culture.com\/fr\/wp-content\/uploads\/sites\/7\/2022\/10\/dw-2-300x104.jpg 300w\" sizes=\"auto, (max-width: 600px) 100vw, 600px\" \/><\/figure>\n\n\n\n<p>Nombreuses sont les personnes qui ont de bonnes id\u00e9es, la volont\u00e9 de s&rsquo;engager \u00e0 fond, des connaissances techniques parfaites, des projets \u00e9labor\u00e9s et qui proposent des prestations taill\u00e9es sur mesure pour une client\u00e8le cibl\u00e9e.<\/p>\n\n\n\n<p>Or, le succ\u00e8s de leurs id\u00e9es d\u00e9pend dans une large mesure de leur capacit\u00e9 \u00e0 communiquer le contenu propos\u00e9, et l&rsquo;enthousiasme qui les anime, \u00e0 leur groupe cible.<\/p>\n\n\n\n<p>Concr\u00e8tement parlant, la question d\u00e9cisive est de savoir si les partenaires parviennent \u00e0 adapter dans la conversation le style communicationnel de mani\u00e8re ad\u00e9quate aux facteurs suivants.<\/p>\n\n\n\n<figure class=\"wp-block-table\"><table><tbody><tr><td>Personne 1<br>Contenu &amp; Attentes<\/td><td>Filtre &amp; Codes<\/td><td>Interaction<\/td><td>Filtre &amp; Codes<\/td><td>Personne 2<br>Contenu &amp; Attentes<\/td><\/tr><\/tbody><\/table><\/figure>\n\n\n\n<p>Les comp\u00e9tences communicationnelles peuvent se transmettre (s&rsquo;apprendre) pour autant qu&rsquo;elles s&rsquo;appuient sur une technique solide et qu&rsquo;elles mettent en jeu des m\u00e9thodes concr\u00e8tes, comme la <a href=\"https:\/\/3d-behaviour.com\/fr\/\">m\u00e9thode de comportement 3D<\/a>.<\/p>\n\n\n\n<p>Une bonne communication ne r\u00e9sout pas les probl\u00e8mes de fond. Mais elle peut les mettre en \u00e9vidence et contribuer \u00e0 \u00e9viter des conflits inutiles.<\/p>\n\n\n\n<p>Aux pages suivantes, vous trouverez des propositions concr\u00e8tes et des exemples illustrant les domaines les plus vari\u00e9s.<\/p>\n","protected":false},"excerpt":{"rendered":"<p>Nombreuses sont les personnes qui ont de bonnes id\u00e9es, la volont\u00e9 de s&rsquo;engager \u00e0 fond, des connaissances techniques parfaites, des projets \u00e9labor\u00e9s et qui proposent des prestations taill\u00e9es sur mesure pour une client\u00e8le cibl\u00e9e. Or, le succ\u00e8s de leurs id\u00e9es d\u00e9pend dans une large mesure de leur capacit\u00e9 \u00e0 communiquer le contenu propos\u00e9, et l&rsquo;enthousiasme [&hellip;]<\/p>\n","protected":false},"author":1,"featured_media":0,"parent":0,"menu_order":0,"comment_status":"closed","ping_status":"closed","template":"","meta":{"footnotes":""},"class_list":["post-8","page","type-page","status-publish","hentry"],"_links":{"self":[{"href":"https:\/\/c-culture.com\/fr\/wp-json\/wp\/v2\/pages\/8","targetHints":{"allow":["GET"]}}],"collection":[{"href":"https:\/\/c-culture.com\/fr\/wp-json\/wp\/v2\/pages"}],"about":[{"href":"https:\/\/c-culture.com\/fr\/wp-json\/wp\/v2\/types\/page"}],"author":[{"embeddable":true,"href":"https:\/\/c-culture.com\/fr\/wp-json\/wp\/v2\/users\/1"}],"replies":[{"embeddable":true,"href":"https:\/\/c-culture.com\/fr\/wp-json\/wp\/v2\/comments?post=8"}],"version-history":[{"count":4,"href":"https:\/\/c-culture.com\/fr\/wp-json\/wp\/v2\/pages\/8\/revisions"}],"predecessor-version":[{"id":110,"href":"https:\/\/c-culture.com\/fr\/wp-json\/wp\/v2\/pages\/8\/revisions\/110"}],"wp:attachment":[{"href":"https:\/\/c-culture.com\/fr\/wp-json\/wp\/v2\/media?parent=8"}],"curies":[{"name":"wp","href":"https:\/\/api.w.org\/{rel}","templated":true}]}}