{"id":2,"date":"2022-10-12T14:53:52","date_gmt":"2022-10-12T12:53:52","guid":{"rendered":"https:\/\/c-culture.com\/fr\/?page_id=2"},"modified":"2022-10-24T20:27:39","modified_gmt":"2022-10-24T18:27:39","slug":"cv","status":"publish","type":"page","link":"https:\/\/c-culture.com\/fr\/cv\/","title":{"rendered":"CV"},"content":{"rendered":"\n<figure class=\"wp-block-image size-full\"><img loading=\"lazy\" decoding=\"async\" width=\"600\" height=\"550\" src=\"https:\/\/c-culture.com\/fr\/wp-content\/uploads\/sites\/7\/2022\/10\/dw-ganz.jpg\" alt=\"\" class=\"wp-image-58\" srcset=\"https:\/\/c-culture.com\/fr\/wp-content\/uploads\/sites\/7\/2022\/10\/dw-ganz.jpg 600w, https:\/\/c-culture.com\/fr\/wp-content\/uploads\/sites\/7\/2022\/10\/dw-ganz-300x275.jpg 300w\" sizes=\"auto, (max-width: 600px) 100vw, 600px\" \/><\/figure>\n\n\n\n<p><strong>Dan Wiener\u00a0<\/strong>est n\u00e9 en1961 \u00e0 Berne, il vit avec son \u00e9pouse \u00e0 B\u00e2le, il a deux filles et un grand-fils.<\/p>\n\n\n\n<p>Quitte ses \u00e9tudes de droit pour acqu\u00e9rir un dipl\u00f4me d&rsquo;art dramatique de la \u00ab\u00a0Schauspielakademie Zurich\u00a0\u00bb (aujurd&rsquo;hui \u00ab\u00a0Hochschule der K\u00fcnste\u00a0\u00bb).<\/p>\n\n\n\n<p>Plus de 30 ans d&rsquo;exp\u00e9rience de la sc\u00e8ne en tant que com\u00e9dien, musicien et producteur. Plusieurs CD, prix et distinctions (entre autres le \u00ab Salzburger Stier \u00bb), des festivals internationaux et des tourn\u00e9es, du cin\u00e9ma, de la t\u00e9l\u00e9vision et de la radio, des productions pour enfants et pour adultes, ainsi que des traductions d&rsquo;\u0153uvres litt\u00e9raires russes.<\/p>\n\n\n\n<p>En tant qu&rsquo;acteur et sp\u00e9cialiste de la communication, Dan Wiener incarne de mani\u00e8re unique le monde de la culture et de l&rsquo;entreprise. A cela s&rsquo;ajoutent son go\u00fbt pour les langues et son sens remarquable du langage.<\/p>\n\n\n\n<p>Dan Wiener s&rsquo;occupe de clients de renom dans de nombreux domaines allant de l&rsquo;informatique \u00e0 la logistique et l&rsquo;industrie, en passant par le monde de la finance, les pouvoirs publics, les universit\u00e9s et les hautes \u00e9coles. ll dirige des s\u00e9minaires consacr\u00e9s aux th\u00e8mes les plus divers : rh\u00e9torique, mani\u00e8re de se pr\u00e9senter, art de la n\u00e9gociation, gestion des conflits, m\u00e9dias, comp\u00e9tence en mati\u00e8re de contacts et communication interculturelle, et ce, en allemand, en fran\u00e7ais, en anglais et en russe.<\/p>\n\n\n\n<p>Par ailleurs, il organise et anime des manifestations de types divers et par rapport aux sujets \u00e9voqu\u00e9s, il assure le r\u00f4le de conseiller comp\u00e9tent aupr\u00e8s de plusieurs cadres sup\u00e9rieurs.<\/p>\n","protected":false},"excerpt":{"rendered":"<p>Dan Wiener\u00a0est n\u00e9 en1961 \u00e0 Berne, il vit avec son \u00e9pouse \u00e0 B\u00e2le, il a deux filles et un grand-fils. Quitte ses \u00e9tudes de droit pour acqu\u00e9rir un dipl\u00f4me d&rsquo;art dramatique de la \u00ab\u00a0Schauspielakademie Zurich\u00a0\u00bb (aujurd&rsquo;hui \u00ab\u00a0Hochschule der K\u00fcnste\u00a0\u00bb). Plus de 30 ans d&rsquo;exp\u00e9rience de la sc\u00e8ne en tant que com\u00e9dien, musicien et producteur. Plusieurs [&hellip;]<\/p>\n","protected":false},"author":4,"featured_media":0,"parent":0,"menu_order":0,"comment_status":"closed","ping_status":"closed","template":"","meta":{"footnotes":""},"class_list":["post-2","page","type-page","status-publish","hentry"],"_links":{"self":[{"href":"https:\/\/c-culture.com\/fr\/wp-json\/wp\/v2\/pages\/2","targetHints":{"allow":["GET"]}}],"collection":[{"href":"https:\/\/c-culture.com\/fr\/wp-json\/wp\/v2\/pages"}],"about":[{"href":"https:\/\/c-culture.com\/fr\/wp-json\/wp\/v2\/types\/page"}],"author":[{"embeddable":true,"href":"https:\/\/c-culture.com\/fr\/wp-json\/wp\/v2\/users\/4"}],"replies":[{"embeddable":true,"href":"https:\/\/c-culture.com\/fr\/wp-json\/wp\/v2\/comments?post=2"}],"version-history":[{"count":5,"href":"https:\/\/c-culture.com\/fr\/wp-json\/wp\/v2\/pages\/2\/revisions"}],"predecessor-version":[{"id":60,"href":"https:\/\/c-culture.com\/fr\/wp-json\/wp\/v2\/pages\/2\/revisions\/60"}],"wp:attachment":[{"href":"https:\/\/c-culture.com\/fr\/wp-json\/wp\/v2\/media?parent=2"}],"curies":[{"name":"wp","href":"https:\/\/api.w.org\/{rel}","templated":true}]}}