{"id":16,"date":"2022-10-13T12:29:38","date_gmt":"2022-10-13T10:29:38","guid":{"rendered":"https:\/\/c-culture.com\/fr\/?page_id=16"},"modified":"2022-10-20T21:20:01","modified_gmt":"2022-10-20T19:20:01","slug":"la-pratique","status":"publish","type":"page","link":"https:\/\/c-culture.com\/fr\/la-pratique\/","title":{"rendered":"La pratique"},"content":{"rendered":"\n<figure class=\"wp-block-image size-full\"><img loading=\"lazy\" decoding=\"async\" width=\"619\" height=\"200\" src=\"https:\/\/c-culture.com\/fr\/wp-content\/uploads\/sites\/7\/2022\/10\/dw-3.jpg\" alt=\"\" class=\"wp-image-48\" srcset=\"https:\/\/c-culture.com\/fr\/wp-content\/uploads\/sites\/7\/2022\/10\/dw-3.jpg 619w, https:\/\/c-culture.com\/fr\/wp-content\/uploads\/sites\/7\/2022\/10\/dw-3-300x97.jpg 300w\" sizes=\"auto, (max-width: 619px) 100vw, 619px\" \/><\/figure>\n\n\n\n<p class=\"has-large-font-size\"><strong>Th\u00e8mes Fondamentaux<\/strong><\/p>\n\n\n\n<p><strong>Communication interculturelle<br><\/strong>Ce sujet a \u00e9norm\u00e9ment gagn\u00e9 en importance ces derni\u00e8res ann\u00e9es. Beaucoup d&rsquo;offres propos\u00e9es dans ce domaine se contentent de prodiguer des conseils sur la mani\u00e8re de se comporter quand on se trouve en contact avec d&rsquo;autres pays. Dans la pratique, cette approche se r\u00e9v\u00e8le souvent insuffisante, car le brassage interculturel s&rsquo;accentue \u00e0 l&rsquo;\u00e9chelle plan\u00e9taire et d&rsquo;autres cat\u00e9gories culturelles acqui\u00e8rent de l&rsquo;importance au-del\u00e0 des fronti\u00e8res nationales.<\/p>\n\n\n\n<p>Gr\u00e2ce \u00e0 une mission d&rsquo;enseignement de l&rsquo;Universit\u00e9 de B\u00e2le et \u00e0 son exp\u00e9rience internationale, Dan Wiener a pu \u00e9laborer un nouveau module de s\u00e9minaire sur le sujet.<\/p>\n\n\n\n<p><strong>Story Telling<\/strong><br>\u2028Les sp\u00e9cialistes d\u00e9veloppent des id\u00e9es et des solutions. Toutefois, ils craignent souvent de ne pas pouvoir transmettre le fruit de leur travail. Comment expliquer ce que je fais aux autres pour non seulement provoquer leur int\u00e9r\u00eat, mais aussi les captiver et les fasciner ? \u2028<\/p>\n\n\n\n<p>Quels crit\u00e8res ? \u2028<\/p>\n\n\n\n<ul class=\"wp-block-list\"><li>Comprendre la diff\u00e9rence entre une information et une histoire <\/li><li>Transformer nos id\u00e9es et notre message en des histoires pertinentes et personnalis\u00e9es pour notre public <\/li><li>Construire son message autour d\u2019un fil conducteur pour le rendre compr\u00e9hensible, int\u00e9ressant et concret<\/li><\/ul>\n\n\n\n<p>\u2028De plus, pour obtenir une communication passionnante et interactive il faut incorporer \u00e0 une bonne histoire des \u00e9l\u00e9ments verbaux et non- verbaux adapt\u00e9s.&nbsp;<\/p>\n\n\n\n<p><strong>Manage yourself, before others do<br><\/strong>Atelier pratique sur la gestion de soi<\/p>\n\n\n\n<p>Nous fournissons des performances et cr\u00e9ons de la valeur ajout\u00e9e en nous fondant sur la description de notre poste, sur les t\u00e2ches qui nous sont confi\u00e9es, ou sur nos engagements en mati\u00e8re d\u2019objectifs. En contrepartie, nous recevons une r\u00e9mun\u00e9ration adapt\u00e9e.<br>Mais que faisons-nous pour nous-m\u00eames ? Cherchons-nous \u00e0 nous d\u00e9velopper personnellement, ou nous laissons nous guider par les n\u00e9cessit\u00e9s et les ordres des autres ?<\/p>\n\n\n\n<p>Cet atelier abordera comment&#8230;<br>\u2022 d\u00e9finir des objectifs de qualit\u00e9 objectifs et subjectifs<br>\u2022 d\u00e9terminer la gestion de notre temps, de nos t\u00e2ches et de nos priorit\u00e9s<br>\u2022 apprendre \u00e0 ce concentrer sur le pertinent et l\u2019essentiel<br>\u2022 employer des m\u00e9thodes cr\u00e9atives pour d\u00e9velopper des solutions in\u00e9dites<br>\u2022 rendre des d\u00e9cisions de fa\u00e7on syst\u00e9matique<br>\u2022 mettre en \u0153uvre des transformations durables<br>\u2022 \u00e9quilibrer le corps et l\u2019esprit<\/p>\n\n\n\n<p>Cet atelier vise \u00e0 fournir aux participants des outils pratiques pour leur permettre de s\u2019autog\u00e9rer avant que d\u2019autres ne le fassent pour eux.<\/p>\n\n\n\n<p><strong>Comportement humain<\/strong><\/p>\n\n\n\n<p>Les personnes ne se contentent pas de communiquer gr\u00e2ce aux mots, elles communiquent gr\u00e2ce \u00e0 l\u2019ensemble de leur comportement. Des personnes diff\u00e9rentes se comportent de fa\u00e7on diff\u00e9rente, en fonction de leurs sch\u00e9mas personnels.<br>Une personne se r\u00e9f\u00e8re \u00e0 son propre sch\u00e9ma pour interpr\u00e9ter le comportement d\u2019un interlocuteur et ne peut donc comprendre ce dernier que partiellement.<\/p>\n\n\n\n<p>Si je veux r\u00e9ussir \u00e0 mieux communiquer avec les autres, il convient d\u2019en savoir davantage sur mon propre comportement et celui des autres.<br><strong><a href=\"http:\/\/www.3d-behaviour.com\" data-type=\"URL\" data-id=\"http:\/\/www.3d-behaviour.com\">La m\u00e9thode du comportement 3D<\/a><\/strong> permet d\u2019acc\u00e9der \u00e0 ces informations de fa\u00e7on pragmatique et professionnelle, sans recourir \u00e0 une analyse psychologique complexe, car on analyse uniquement les signaux et le comportement, et il n\u2019est pas n\u00e9cessaire de tirer des conclusions fond\u00e9es sur le caract\u00e8re ou la personnalit\u00e9.<br><\/p>\n","protected":false},"excerpt":{"rendered":"<p>Th\u00e8mes Fondamentaux Communication interculturelleCe sujet a \u00e9norm\u00e9ment gagn\u00e9 en importance ces derni\u00e8res ann\u00e9es. Beaucoup d&rsquo;offres propos\u00e9es dans ce domaine se contentent de prodiguer des conseils sur la mani\u00e8re de se comporter quand on se trouve en contact avec d&rsquo;autres pays. Dans la pratique, cette approche se r\u00e9v\u00e8le souvent insuffisante, car le brassage interculturel s&rsquo;accentue \u00e0 [&hellip;]<\/p>\n","protected":false},"author":1,"featured_media":0,"parent":0,"menu_order":0,"comment_status":"closed","ping_status":"closed","template":"","meta":{"footnotes":""},"class_list":["post-16","page","type-page","status-publish","hentry"],"_links":{"self":[{"href":"https:\/\/c-culture.com\/fr\/wp-json\/wp\/v2\/pages\/16","targetHints":{"allow":["GET"]}}],"collection":[{"href":"https:\/\/c-culture.com\/fr\/wp-json\/wp\/v2\/pages"}],"about":[{"href":"https:\/\/c-culture.com\/fr\/wp-json\/wp\/v2\/types\/page"}],"author":[{"embeddable":true,"href":"https:\/\/c-culture.com\/fr\/wp-json\/wp\/v2\/users\/1"}],"replies":[{"embeddable":true,"href":"https:\/\/c-culture.com\/fr\/wp-json\/wp\/v2\/comments?post=16"}],"version-history":[{"count":3,"href":"https:\/\/c-culture.com\/fr\/wp-json\/wp\/v2\/pages\/16\/revisions"}],"predecessor-version":[{"id":49,"href":"https:\/\/c-culture.com\/fr\/wp-json\/wp\/v2\/pages\/16\/revisions\/49"}],"wp:attachment":[{"href":"https:\/\/c-culture.com\/fr\/wp-json\/wp\/v2\/media?parent=16"}],"curies":[{"name":"wp","href":"https:\/\/api.w.org\/{rel}","templated":true}]}}