{"id":10,"date":"2022-10-13T12:29:04","date_gmt":"2022-10-13T10:29:04","guid":{"rendered":"https:\/\/c-culture.com\/fr\/?page_id=10"},"modified":"2022-11-04T13:38:32","modified_gmt":"2022-11-04T12:38:32","slug":"culture","status":"publish","type":"page","link":"https:\/\/c-culture.com\/fr\/culture\/","title":{"rendered":"Culture"},"content":{"rendered":"\n<div class=\"wp-block-columns max-width is-layout-flex wp-container-core-columns-is-layout-28f84493 wp-block-columns-is-layout-flex\">\n<div class=\"wp-block-column is-vertically-aligned-top max-width is-layout-constrained wp-block-column-is-layout-constrained\" style=\"flex-basis:1000px\">\n<figure class=\"wp-block-image size-full\"><img loading=\"lazy\" decoding=\"async\" width=\"600\" height=\"200\" src=\"https:\/\/c-culture.com\/fr\/wp-content\/uploads\/sites\/7\/2022\/10\/dw-4.jpg\" alt=\"\" class=\"wp-image-44\" srcset=\"https:\/\/c-culture.com\/fr\/wp-content\/uploads\/sites\/7\/2022\/10\/dw-4.jpg 600w, https:\/\/c-culture.com\/fr\/wp-content\/uploads\/sites\/7\/2022\/10\/dw-4-300x100.jpg 300w\" sizes=\"auto, (max-width: 600px) 100vw, 600px\" \/><\/figure>\n\n\n\n<p>Pour Dan Wiener, la culture n&rsquo;est pas une notion issue d&rsquo;un savoir livresque. Il allie son savoir-faire artisanal avec de vastes connaissances et une exp\u00e9rience internationale dans la plupart des domaines culturels.<br>Ce savoir-faire et ces connaissances, Dan Wiener les met bien entendu au service de concepts culturels, mais aussi r\u00e9guli\u00e8rement de projets culturels concrets. Gr\u00e2ce \u00e0 la dramaturgie et \u00e0 l\u2019inspiration, il associe lumi\u00e8re, ton, musique, image et langue pour cr\u00e9er de v\u00e9ritables \u0153uvres d\u2019art petites et grandes, qui constituent un fil conducteur afin de d\u00e9velopper et transmettre leur message.<\/p>\n\n\n\n<p class=\"has-text-align-left\">Ces derni\u00e8res ann\u00e9es, il arrive de plus en plus fr\u00e9quemment que l&rsquo;on entende le mot culture en relation avec le monde de l&rsquo;entreprise ou de la communication. Il est ind\u00e9niable que la culture d&rsquo;entreprise et la culture de la communication sont \u00e9troitement li\u00e9s.&nbsp;La culture d\u2019entreprise a tout \u00e0 gagner de l\u2019utilisation de techniques employ\u00e9es dans la culture cr\u00e9ative.<\/p>\n\n\n\n<p>Avec Maria Thorgevsky Dan Wiener a fond\u00e9e la compagnie Thorgevsky &amp; Wiener en 1989. Thorgevsky &amp; Wiener disposent d&rsquo;un vaste r\u00e9seau de remarquables partenaires pour r\u00e9aliser leurs grands et leurs petits projets.<\/p>\n<\/div>\n<\/div>\n\n\n\n<p>Vous trouverez un large aper\u00e7u de leur travail de cr\u00e9ation sur leur site consacr\u00e9 au th\u00e9\u00e2tre <a href=\"http:\/\/www.wiener.ch\" data-type=\"URL\" data-id=\"www.wiener.ch\">Thorgevsky &amp; Wiener<\/a>.<\/p>\n","protected":false},"excerpt":{"rendered":"<p>Pour Dan Wiener, la culture n&rsquo;est pas une notion issue d&rsquo;un savoir livresque. Il allie son savoir-faire artisanal avec de vastes connaissances et une exp\u00e9rience internationale dans la plupart des domaines culturels.Ce savoir-faire et ces connaissances, Dan Wiener les met bien entendu au service de concepts culturels, mais aussi r\u00e9guli\u00e8rement de projets culturels concrets. Gr\u00e2ce [&hellip;]<\/p>\n","protected":false},"author":1,"featured_media":0,"parent":0,"menu_order":0,"comment_status":"closed","ping_status":"closed","template":"","meta":{"footnotes":""},"class_list":["post-10","page","type-page","status-publish","hentry"],"_links":{"self":[{"href":"https:\/\/c-culture.com\/fr\/wp-json\/wp\/v2\/pages\/10","targetHints":{"allow":["GET"]}}],"collection":[{"href":"https:\/\/c-culture.com\/fr\/wp-json\/wp\/v2\/pages"}],"about":[{"href":"https:\/\/c-culture.com\/fr\/wp-json\/wp\/v2\/types\/page"}],"author":[{"embeddable":true,"href":"https:\/\/c-culture.com\/fr\/wp-json\/wp\/v2\/users\/1"}],"replies":[{"embeddable":true,"href":"https:\/\/c-culture.com\/fr\/wp-json\/wp\/v2\/comments?post=10"}],"version-history":[{"count":8,"href":"https:\/\/c-culture.com\/fr\/wp-json\/wp\/v2\/pages\/10\/revisions"}],"predecessor-version":[{"id":86,"href":"https:\/\/c-culture.com\/fr\/wp-json\/wp\/v2\/pages\/10\/revisions\/86"}],"wp:attachment":[{"href":"https:\/\/c-culture.com\/fr\/wp-json\/wp\/v2\/media?parent=10"}],"curies":[{"name":"wp","href":"https:\/\/api.w.org\/{rel}","templated":true}]}}